{"id":3409,"date":"2021-12-22T14:21:26","date_gmt":"2021-12-22T07:21:26","guid":{"rendered":"https:\/\/hilink.vn\/demo\/?page_id=3409"},"modified":"2024-09-16T05:37:26","modified_gmt":"2024-09-15T22:37:26","slug":"dich-vu","status":"publish","type":"page","link":"https:\/\/hilink.vn\/vn\/dich-vu\/","title":{"rendered":"D\u1ecbch v\u1ee5"},"content":{"rendered":"\t\t<div data-elementor-type=\"wp-post\" data-elementor-id=\"3409\" class=\"elementor elementor-3409\">\n\t\t\t\t\t\t\t\t\t<section class=\"elementor-section elementor-top-section elementor-element elementor-element-aefb967 elementor-section-boxed elementor-section-height-default elementor-section-height-default\" data-id=\"aefb967\" data-element_type=\"section\">\n\t\t\t\t\t\t<div class=\"elementor-container elementor-column-gap-default\">\n\t\t\t\t\t<div class=\"elementor-column elementor-col-100 elementor-top-column elementor-element elementor-element-80f5768\" data-id=\"80f5768\" data-element_type=\"column\">\n\t\t\t<div class=\"elementor-widget-wrap elementor-element-populated\">\n\t\t\t\t\t\t\t\t<div class=\"elementor-element elementor-element-5ce94b2 elementor-widget elementor-widget-spacer\" data-id=\"5ce94b2\" data-element_type=\"widget\" data-widget_type=\"spacer.default\">\n\t\t\t\t<div class=\"elementor-widget-container\">\n\t\t\t\t\t<div class=\"elementor-spacer\">\n\t\t\t<div class=\"elementor-spacer-inner\"><\/div>\n\t\t<\/div>\n\t\t\t\t<\/div>\n\t\t\t\t<\/div>\n\t\t\t\t\t<\/div>\n\t\t<\/div>\n\t\t\t\t\t\t\t<\/div>\n\t\t<\/section>\n\t\t\t\t<section class=\"elementor-section elementor-top-section elementor-element elementor-element-1afa153 elementor-section-full_width elementor-section-stretched elementor-section-height-default elementor-section-height-default\" data-id=\"1afa153\" data-element_type=\"section\" data-settings=\"{&quot;stretch_section&quot;:&quot;section-stretched&quot;}\">\n\t\t\t\t\t\t<div class=\"elementor-container elementor-column-gap-default\">\n\t\t\t\t\t<div class=\"elementor-column elementor-col-100 elementor-top-column elementor-element elementor-element-cb0e9b2\" data-id=\"cb0e9b2\" data-element_type=\"column\">\n\t\t\t<div class=\"elementor-widget-wrap elementor-element-populated\">\n\t\t\t\t\t\t\t\t<div class=\"elementor-element elementor-element-df3e589 elementor-widget elementor-widget-heading\" data-id=\"df3e589\" data-element_type=\"widget\" data-widget_type=\"heading.default\">\n\t\t\t\t<div class=\"elementor-widget-container\">\n\t\t\t<h2 class=\"elementor-heading-title elementor-size-default\">Gi\u1ea3i Ph\u00e1p Kh\u00f4ng Gian L\u00e0m Vi\u1ec7c Linh Ho\u1ea1t v\u00e0 Ti\u00ean Ti\u1ebfn<\/h2>\t\t<\/div>\n\t\t\t\t<\/div>\n\t\t\t\t\t<\/div>\n\t\t<\/div>\n\t\t\t\t\t\t\t<\/div>\n\t\t<\/section>\n\t\t\t\t<div class=\"elementor-section elementor-top-section elementor-element elementor-element-37f4869 elementor-section-stretched elementor-section-boxed elementor-section-height-default elementor-section-height-default\" data-id=\"37f4869\" data-element_type=\"section\" data-settings=\"{&quot;stretch_section&quot;:&quot;section-stretched&quot;}\">\n\t\t\t\t\t\t<div class=\"elementor-container elementor-column-gap-no\">\n\t\t\t\t\t<div class=\"elementor-column elementor-col-50 elementor-top-column elementor-element elementor-element-652ca1e animated-fast elementor-invisible\" data-id=\"652ca1e\" data-element_type=\"column\" data-settings=\"{&quot;background_background&quot;:&quot;classic&quot;,&quot;animation&quot;:&quot;fadeInLeft&quot;}\">\n\t\t\t<div class=\"elementor-widget-wrap elementor-element-populated\">\n\t\t\t\t\t\t\t\t<div class=\"elementor-element elementor-element-5998e40 elementor-widget elementor-widget-text-editor\" data-id=\"5998e40\" data-element_type=\"widget\" data-widget_type=\"text-editor.default\">\n\t\t\t\t<div class=\"elementor-widget-container\">\n\t\t\t\t\t\t\t<p>H\u1eccC H\u1eceI V\u00c0 PH\u00c1T TRI\u1ec2N<\/p>\t\t\t\t\t\t<\/div>\n\t\t\t\t<\/div>\n\t\t\t\t<div class=\"elementor-element elementor-element-f09f8a3 elementor-widget__width-initial elementor-widget elementor-widget-heading\" data-id=\"f09f8a3\" data-element_type=\"widget\" data-widget_type=\"heading.default\">\n\t\t\t\t<div class=\"elementor-widget-container\">\n\t\t\t<h2 class=\"elementor-heading-title elementor-size-default\">Nh\u1eefng G\u00ec Ch\u00fang T\u00f4i Cung C\u1ea5p<\/h2>\t\t<\/div>\n\t\t\t\t<\/div>\n\t\t\t\t\t<\/div>\n\t\t<\/div>\n\t\t\t\t<div class=\"elementor-column elementor-col-50 elementor-top-column elementor-element elementor-element-72e7937 animated-fast elementor-invisible\" data-id=\"72e7937\" data-element_type=\"column\" data-settings=\"{&quot;animation&quot;:&quot;fadeInRight&quot;}\">\n\t\t\t<div class=\"elementor-widget-wrap elementor-element-populated\">\n\t\t\t\t\t\t\t\t<div class=\"elementor-element elementor-element-5f022f3 elementor-widget elementor-widget-text-editor\" data-id=\"5f022f3\" data-element_type=\"widget\" data-widget_type=\"text-editor.default\">\n\t\t\t\t<div class=\"elementor-widget-container\">\n\t\t\t\t\t\t\t<p>K\u1ebft h\u1ee3p nhu\u1ea7n nhuy\u1ec5n gi\u1eefa ti\u1ec7n \u00edch t\u1ed1i t\u00e2n v\u00e0 gi\u00e1 tr\u1ecb th\u1ea9m m\u1ef9, gi\u1ea3i ph\u00e1p kh\u00f4ng gian v\u0103n ph\u00f2ng linh ho\u1ea1t c\u1ee7a HiLink k\u1ef3 v\u1ecdng t\u1ea1o n\u00ean nh\u1eefng gi\u00e1 tr\u1ecb \u00fd ngh\u0129a cho s\u1ef1 ph\u00e1t tri\u1ec3n c\u1ee7a doanh nghi\u1ec7p, th\u00fac \u0111\u1ea9y s\u00e1ng t\u1ea1o, x\u00e2y d\u1ef1ng k\u1ebft n\u1ed1i v\u00e0 kh\u1edfi t\u1ea1o th\u00e0nh c\u00f4ng. HiLink hi v\u1ecdng s\u1ebd l\u00e0 s\u1ef1 kh\u1edfi \u0111\u1ea7u t\u1ed1t \u0111\u1eb9p cho h\u00e0nh tr\u00ecnh ki\u1ebfn t\u1ea1o \u1ea5y.<\/p>\t\t\t\t\t\t<\/div>\n\t\t\t\t<\/div>\n\t\t\t\t\t<\/div>\n\t\t<\/div>\n\t\t\t\t\t\t\t<\/div>\n\t\t<\/div>\n\t\t\t\t<div class=\"elementor-section elementor-top-section elementor-element elementor-element-f4d291b elementor-section-stretched elementor-section-boxed elementor-section-height-default elementor-section-height-default\" data-id=\"f4d291b\" data-element_type=\"section\" data-settings=\"{&quot;stretch_section&quot;:&quot;section-stretched&quot;}\">\n\t\t\t\t\t\t<div class=\"elementor-container elementor-column-gap-no\">\n\t\t\t\t\t<div class=\"elementor-column elementor-col-50 elementor-top-column elementor-element elementor-element-9ee7c85 animated-fast elementor-invisible\" data-id=\"9ee7c85\" data-element_type=\"column\" data-settings=\"{&quot;background_background&quot;:&quot;classic&quot;,&quot;animation&quot;:&quot;slideInUp&quot;}\">\n\t\t\t<div class=\"elementor-widget-wrap elementor-element-populated\">\n\t\t\t\t\t\t\t\t<div class=\"elementor-element elementor-element-12bd61d elementor-cta--skin-classic elementor-animated-content elementor-bg-transform elementor-bg-transform-zoom-in elementor-widget elementor-widget-call-to-action\" data-id=\"12bd61d\" data-element_type=\"widget\" data-widget_type=\"call-to-action.default\">\n\t\t\t\t<div class=\"elementor-widget-container\">\n\t\t\t\t\t<a href=\"https:\/\/hilink.vn\/vn\/khong-gian-lam-viec-chuyen-biet\/\" class=\"elementor-cta\">\n\t\t\t\t\t<div class=\"elementor-cta__bg-wrapper\">\n\t\t\t\t<div class=\"elementor-cta__bg elementor-bg\" style=\"background-image: url(https:\/\/hilink.vn\/vn\/wp-content\/uploads\/2021\/12\/8-1000.jpg);\"><\/div>\n\t\t\t\t<div class=\"elementor-cta__bg-overlay\"><\/div>\n\t\t\t<\/div>\n\t\t\t\t\t\t\t<div class=\"elementor-cta__content\">\n\t\t\t\n\t\t\t\t\t\t\t<h2 class=\"elementor-cta__title elementor-cta__content-item elementor-content-item\">\n\t\t\t\tV\u0103n Ph\u00f2ng D\u1ecbch V\u1ee5 Ri\u00eang\t\t\t\t<\/h2>\n\t\t\t\n\t\t\t\t\t\t\t<div class=\"elementor-cta__description elementor-cta__content-item elementor-content-item\">\n\t\t\t\t\tL\u1ef1a ch\u1ecdn ho\u00e0n h\u1ea3o cho doanh nghi\u1ec7p ti\u00ean ti\u1ebfn\t\t\t\t<\/div>\n\t\t\t\n\t\t\t\t\t\t<\/div>\n\t\t\t\t\t\t<\/a>\n\t\t\t\t<\/div>\n\t\t\t\t<\/div>\n\t\t\t\t\t<\/div>\n\t\t<\/div>\n\t\t\t\t<div class=\"elementor-column elementor-col-50 elementor-top-column elementor-element elementor-element-9f10cef animated-fast elementor-invisible\" data-id=\"9f10cef\" data-element_type=\"column\" data-settings=\"{&quot;background_background&quot;:&quot;classic&quot;,&quot;animation&quot;:&quot;slideInUp&quot;,&quot;animation_delay&quot;:200}\">\n\t\t\t<div class=\"elementor-widget-wrap elementor-element-populated\">\n\t\t\t\t\t\t\t\t<div class=\"elementor-element elementor-element-dbdd751 elementor-cta--skin-classic elementor-animated-content elementor-bg-transform elementor-bg-transform-zoom-in elementor-widget elementor-widget-call-to-action\" data-id=\"dbdd751\" data-element_type=\"widget\" data-widget_type=\"call-to-action.default\">\n\t\t\t\t<div class=\"elementor-widget-container\">\n\t\t\t\t\t<a href=\"https:\/\/hilink.vn\/vn\/phong-hop\/\" class=\"elementor-cta\">\n\t\t\t\t\t<div class=\"elementor-cta__bg-wrapper\">\n\t\t\t\t<div class=\"elementor-cta__bg elementor-bg\" style=\"background-image: url(https:\/\/hilink.vn\/vn\/wp-content\/uploads\/2023\/09\/IFT_0372_94-1-scaled.jpg);\"><\/div>\n\t\t\t\t<div class=\"elementor-cta__bg-overlay\"><\/div>\n\t\t\t<\/div>\n\t\t\t\t\t\t\t<div class=\"elementor-cta__content\">\n\t\t\t\n\t\t\t\t\t\t\t<h2 class=\"elementor-cta__title elementor-cta__content-item elementor-content-item\">\n\t\t\t\tPh\u00f2ng H\u1ecdp\t\t\t\t<\/h2>\n\t\t\t\n\t\t\t\t\t\t\t<div class=\"elementor-cta__description elementor-cta__content-item elementor-content-item\">\n\t\t\t\t\tN\u01a1i kh\u00f4ng gian t\u1ea1o n\u00ean c\u1ea3m h\u1ee9ng s\u00e1ng t\u1ea1o\t\t\t\t<\/div>\n\t\t\t\n\t\t\t\t\t\t<\/div>\n\t\t\t\t\t\t<\/a>\n\t\t\t\t<\/div>\n\t\t\t\t<\/div>\n\t\t\t\t\t<\/div>\n\t\t<\/div>\n\t\t\t\t\t\t\t<\/div>\n\t\t<\/div>\n\t\t\t\t<div class=\"elementor-section elementor-top-section elementor-element elementor-element-32c5442 elementor-section-stretched elementor-section-boxed elementor-section-height-default elementor-section-height-default\" data-id=\"32c5442\" data-element_type=\"section\" data-settings=\"{&quot;stretch_section&quot;:&quot;section-stretched&quot;}\">\n\t\t\t\t\t\t<div class=\"elementor-container elementor-column-gap-no\">\n\t\t\t\t\t<div class=\"elementor-column elementor-col-50 elementor-top-column elementor-element elementor-element-ffcf0fa animated-fast elementor-invisible\" data-id=\"ffcf0fa\" data-element_type=\"column\" data-settings=\"{&quot;background_background&quot;:&quot;classic&quot;,&quot;animation&quot;:&quot;slideInUp&quot;}\">\n\t\t\t<div class=\"elementor-widget-wrap elementor-element-populated\">\n\t\t\t\t\t\t\t\t<div class=\"elementor-element elementor-element-b8cdb9d elementor-cta--skin-classic elementor-animated-content elementor-bg-transform elementor-bg-transform-zoom-in elementor-widget elementor-widget-call-to-action\" data-id=\"b8cdb9d\" data-element_type=\"widget\" data-widget_type=\"call-to-action.default\">\n\t\t\t\t<div class=\"elementor-widget-container\">\n\t\t\t\t\t<a href=\"https:\/\/hilink.vn\/vn\/hyflex\/\" class=\"elementor-cta\">\n\t\t\t\t\t<div class=\"elementor-cta__bg-wrapper\">\n\t\t\t\t<div class=\"elementor-cta__bg elementor-bg\" style=\"background-image: url(https:\/\/hilink.vn\/vn\/wp-content\/uploads\/2021\/12\/PV_15.webp);\"><\/div>\n\t\t\t\t<div class=\"elementor-cta__bg-overlay\"><\/div>\n\t\t\t<\/div>\n\t\t\t\t\t\t\t<div class=\"elementor-cta__content\">\n\t\t\t\n\t\t\t\t\t\t\t<h2 class=\"elementor-cta__title elementor-cta__content-item elementor-content-item\">\n\t\t\t\tB\u00e0n L\u00e0m Vi\u1ec7c Ri\u00eang\t\t\t\t<\/h2>\n\t\t\t\n\t\t\t\t\t\t\t<div class=\"elementor-cta__description elementor-cta__content-item elementor-content-item\">\n\t\t\t\t\tB\u00e0n l\u00e0m vi\u1ec7c c\u00e1 nh\u00e2n cho hi\u1ec7u su\u1ea5t t\u1ed1i \u0111a\t\t\t\t<\/div>\n\t\t\t\n\t\t\t\t\t\t<\/div>\n\t\t\t\t\t\t<\/a>\n\t\t\t\t<\/div>\n\t\t\t\t<\/div>\n\t\t\t\t\t<\/div>\n\t\t<\/div>\n\t\t\t\t<div class=\"elementor-column elementor-col-50 elementor-top-column elementor-element elementor-element-8ee2703 animated-fast elementor-invisible\" data-id=\"8ee2703\" data-element_type=\"column\" data-settings=\"{&quot;background_background&quot;:&quot;classic&quot;,&quot;animation&quot;:&quot;slideInUp&quot;,&quot;animation_delay&quot;:200}\">\n\t\t\t<div class=\"elementor-widget-wrap elementor-element-populated\">\n\t\t\t\t\t\t\t\t<div class=\"elementor-element elementor-element-0ce5f21 elementor-cta--skin-classic elementor-animated-content elementor-bg-transform elementor-bg-transform-zoom-in elementor-widget elementor-widget-call-to-action\" data-id=\"0ce5f21\" data-element_type=\"widget\" data-widget_type=\"call-to-action.default\">\n\t\t\t\t<div class=\"elementor-widget-container\">\n\t\t\t\t\t<a href=\"https:\/\/hilink.vn\/vn\/eoffice\/\" class=\"elementor-cta\">\n\t\t\t\t\t<div class=\"elementor-cta__bg-wrapper\">\n\t\t\t\t<div class=\"elementor-cta__bg elementor-bg\" style=\"background-image: url(https:\/\/hilink.vn\/vn\/wp-content\/uploads\/2023\/09\/HPW-BLOG-2-PHOTO-2.jpg);\"><\/div>\n\t\t\t\t<div class=\"elementor-cta__bg-overlay\"><\/div>\n\t\t\t<\/div>\n\t\t\t\t\t\t\t<div class=\"elementor-cta__content\">\n\t\t\t\n\t\t\t\t\t\t\t<h2 class=\"elementor-cta__title elementor-cta__content-item elementor-content-item\">\n\t\t\t\te-Office\t\t\t\t<\/h2>\n\t\t\t\n\t\t\t\t\t\t\t<div class=\"elementor-cta__description elementor-cta__content-item elementor-content-item\">\n\t\t\t\t\tHi\u1ec7n di\u1ec7n chuy\u00ean nghi\u1ec7p, linh ho\u1ea1t m\u1ecdi n\u01a1i\t\t\t\t<\/div>\n\t\t\t\n\t\t\t\t\t\t<\/div>\n\t\t\t\t\t\t<\/a>\n\t\t\t\t<\/div>\n\t\t\t\t<\/div>\n\t\t\t\t\t<\/div>\n\t\t<\/div>\n\t\t\t\t\t\t\t<\/div>\n\t\t<\/div>\n\t\t\t\t\t\t\t<\/div>\n\t\t","protected":false},"excerpt":{"rendered":"<p>Gi\u1ea3i Ph\u00e1p Kh\u00f4ng Gian L\u00e0m Vi\u1ec7c Linh Ho\u1ea1t v\u00e0 Ti\u00ean Ti\u1ebfn H\u1eccC H\u1eceI V\u00c0 PH\u00c1T TRI\u1ec2N Nh\u1eefng G\u00ec Ch\u00fang T\u00f4i Cung C\u1ea5p K\u1ebft h\u1ee3p nhu\u1ea7n nhuy\u1ec5n gi\u1eefa ti\u1ec7n \u00edch t\u1ed1i t\u00e2n v\u00e0 gi\u00e1 tr\u1ecb th\u1ea9m m\u1ef9, gi\u1ea3i ph\u00e1p kh\u00f4ng gian v\u0103n ph\u00f2ng linh ho\u1ea1t c\u1ee7a HiLink k\u1ef3 v\u1ecdng t\u1ea1o n\u00ean nh\u1eefng gi\u00e1 tr\u1ecb \u00fd ngh\u0129a &hellip; <\/p>\n<p class=\"link-more\"><a href=\"https:\/\/hilink.vn\/vn\/dich-vu\/\" class=\"more-link\">Read More <span class=\"screen-reader-text\"> &#8220;D\u1ecbch v\u1ee5&#8221;<\/span><\/a><\/p>\n","protected":false},"author":6,"featured_media":0,"parent":0,"menu_order":0,"comment_status":"closed","ping_status":"closed","template":"elementor_header_footer","meta":[],"yoast_head":"<!-- This site is optimized with the Yoast SEO plugin v19.2 - https:\/\/yoast.com\/wordpress\/plugins\/seo\/ -->\n<title>D\u1ecbch v\u1ee5 - HILINK<\/title>\n<meta name=\"robots\" content=\"index, follow, max-snippet:-1, max-image-preview:large, max-video-preview:-1\" \/>\n<link rel=\"canonical\" href=\"https:\/\/hilink.vn\/vn\/dich-vu\/\" \/>\n<meta property=\"og:locale\" content=\"vi_VN\" \/>\n<meta property=\"og:type\" content=\"article\" \/>\n<meta property=\"og:title\" content=\"D\u1ecbch v\u1ee5 - HILINK\" \/>\n<meta property=\"og:description\" content=\"Gi\u1ea3i Ph\u00e1p Kh\u00f4ng Gian L\u00e0m Vi\u1ec7c Linh Ho\u1ea1t v\u00e0 Ti\u00ean Ti\u1ebfn H\u1eccC H\u1eceI V\u00c0 PH\u00c1T TRI\u1ec2N Nh\u1eefng G\u00ec Ch\u00fang T\u00f4i Cung C\u1ea5p K\u1ebft h\u1ee3p nhu\u1ea7n nhuy\u1ec5n gi\u1eefa ti\u1ec7n \u00edch t\u1ed1i t\u00e2n v\u00e0 gi\u00e1 tr\u1ecb th\u1ea9m m\u1ef9, gi\u1ea3i ph\u00e1p kh\u00f4ng gian v\u0103n ph\u00f2ng linh ho\u1ea1t c\u1ee7a HiLink k\u1ef3 v\u1ecdng t\u1ea1o n\u00ean nh\u1eefng gi\u00e1 tr\u1ecb \u00fd ngh\u0129a &hellip; Read More &quot;D\u1ecbch v\u1ee5&quot;\" \/>\n<meta property=\"og:url\" content=\"https:\/\/hilink.vn\/vn\/dich-vu\/\" \/>\n<meta property=\"og:site_name\" content=\"HILINK\" \/>\n<meta property=\"article:modified_time\" content=\"2024-09-15T22:37:26+00:00\" \/>\n<meta name=\"author\" content=\"admin\" \/>\n<meta name=\"twitter:card\" content=\"summary_large_image\" \/>\n<meta name=\"twitter:label1\" content=\"\u01af\u1edbc t\u00ednh th\u1eddi gian \u0111\u1ecdc\" \/>\n\t<meta name=\"twitter:data1\" content=\"1 ph\u00fat\" \/>\n<script type=\"application\/ld+json\" class=\"yoast-schema-graph\">{\"@context\":\"https:\/\/schema.org\",\"@graph\":[{\"@type\":\"WebSite\",\"@id\":\"https:\/\/hilink.vn\/vn\/#website\",\"url\":\"https:\/\/hilink.vn\/vn\/\",\"name\":\"HILINK\",\"description\":\"Your Solution\",\"potentialAction\":[{\"@type\":\"SearchAction\",\"target\":{\"@type\":\"EntryPoint\",\"urlTemplate\":\"https:\/\/hilink.vn\/vn\/?s={search_term_string}\"},\"query-input\":\"required name=search_term_string\"}],\"inLanguage\":\"vi\"},{\"@type\":\"WebPage\",\"@id\":\"https:\/\/hilink.vn\/vn\/dich-vu\/#webpage\",\"url\":\"https:\/\/hilink.vn\/vn\/dich-vu\/\",\"name\":\"D\u1ecbch v\u1ee5 - HILINK\",\"isPartOf\":{\"@id\":\"https:\/\/hilink.vn\/vn\/#website\"},\"datePublished\":\"2021-12-22T07:21:26+00:00\",\"dateModified\":\"2024-09-15T22:37:26+00:00\",\"breadcrumb\":{\"@id\":\"https:\/\/hilink.vn\/vn\/dich-vu\/#breadcrumb\"},\"inLanguage\":\"vi\",\"potentialAction\":[{\"@type\":\"ReadAction\",\"target\":[\"https:\/\/hilink.vn\/vn\/dich-vu\/\"]}]},{\"@type\":\"BreadcrumbList\",\"@id\":\"https:\/\/hilink.vn\/vn\/dich-vu\/#breadcrumb\",\"itemListElement\":[{\"@type\":\"ListItem\",\"position\":1,\"name\":\"Home\",\"item\":\"https:\/\/hilink.vn\/vn\/\"},{\"@type\":\"ListItem\",\"position\":2,\"name\":\"D\u1ecbch v\u1ee5\"}]}]}<\/script>\n<!-- \/ Yoast SEO plugin. -->","yoast_head_json":{"title":"D\u1ecbch v\u1ee5 - HILINK","robots":{"index":"index","follow":"follow","max-snippet":"max-snippet:-1","max-image-preview":"max-image-preview:large","max-video-preview":"max-video-preview:-1"},"canonical":"https:\/\/hilink.vn\/vn\/dich-vu\/","og_locale":"vi_VN","og_type":"article","og_title":"D\u1ecbch v\u1ee5 - HILINK","og_description":"Gi\u1ea3i Ph\u00e1p Kh\u00f4ng Gian L\u00e0m Vi\u1ec7c Linh Ho\u1ea1t v\u00e0 Ti\u00ean Ti\u1ebfn H\u1eccC H\u1eceI V\u00c0 PH\u00c1T TRI\u1ec2N Nh\u1eefng G\u00ec Ch\u00fang T\u00f4i Cung C\u1ea5p K\u1ebft h\u1ee3p nhu\u1ea7n nhuy\u1ec5n gi\u1eefa ti\u1ec7n \u00edch t\u1ed1i t\u00e2n v\u00e0 gi\u00e1 tr\u1ecb th\u1ea9m m\u1ef9, gi\u1ea3i ph\u00e1p kh\u00f4ng gian v\u0103n ph\u00f2ng linh ho\u1ea1t c\u1ee7a HiLink k\u1ef3 v\u1ecdng t\u1ea1o n\u00ean nh\u1eefng gi\u00e1 tr\u1ecb \u00fd ngh\u0129a &hellip; Read More \"D\u1ecbch v\u1ee5\"","og_url":"https:\/\/hilink.vn\/vn\/dich-vu\/","og_site_name":"HILINK","article_modified_time":"2024-09-15T22:37:26+00:00","author":"admin","twitter_card":"summary_large_image","twitter_misc":{"\u01af\u1edbc t\u00ednh th\u1eddi gian \u0111\u1ecdc":"1 ph\u00fat"},"schema":{"@context":"https:\/\/schema.org","@graph":[{"@type":"WebSite","@id":"https:\/\/hilink.vn\/vn\/#website","url":"https:\/\/hilink.vn\/vn\/","name":"HILINK","description":"Your Solution","potentialAction":[{"@type":"SearchAction","target":{"@type":"EntryPoint","urlTemplate":"https:\/\/hilink.vn\/vn\/?s={search_term_string}"},"query-input":"required name=search_term_string"}],"inLanguage":"vi"},{"@type":"WebPage","@id":"https:\/\/hilink.vn\/vn\/dich-vu\/#webpage","url":"https:\/\/hilink.vn\/vn\/dich-vu\/","name":"D\u1ecbch v\u1ee5 - HILINK","isPartOf":{"@id":"https:\/\/hilink.vn\/vn\/#website"},"datePublished":"2021-12-22T07:21:26+00:00","dateModified":"2024-09-15T22:37:26+00:00","breadcrumb":{"@id":"https:\/\/hilink.vn\/vn\/dich-vu\/#breadcrumb"},"inLanguage":"vi","potentialAction":[{"@type":"ReadAction","target":["https:\/\/hilink.vn\/vn\/dich-vu\/"]}]},{"@type":"BreadcrumbList","@id":"https:\/\/hilink.vn\/vn\/dich-vu\/#breadcrumb","itemListElement":[{"@type":"ListItem","position":1,"name":"Home","item":"https:\/\/hilink.vn\/vn\/"},{"@type":"ListItem","position":2,"name":"D\u1ecbch v\u1ee5"}]}]}},"_links":{"self":[{"href":"https:\/\/hilink.vn\/vn\/wp-json\/wp\/v2\/pages\/3409"}],"collection":[{"href":"https:\/\/hilink.vn\/vn\/wp-json\/wp\/v2\/pages"}],"about":[{"href":"https:\/\/hilink.vn\/vn\/wp-json\/wp\/v2\/types\/page"}],"author":[{"embeddable":true,"href":"https:\/\/hilink.vn\/vn\/wp-json\/wp\/v2\/users\/6"}],"replies":[{"embeddable":true,"href":"https:\/\/hilink.vn\/vn\/wp-json\/wp\/v2\/comments?post=3409"}],"version-history":[{"count":35,"href":"https:\/\/hilink.vn\/vn\/wp-json\/wp\/v2\/pages\/3409\/revisions"}],"predecessor-version":[{"id":5682,"href":"https:\/\/hilink.vn\/vn\/wp-json\/wp\/v2\/pages\/3409\/revisions\/5682"}],"wp:attachment":[{"href":"https:\/\/hilink.vn\/vn\/wp-json\/wp\/v2\/media?parent=3409"}],"curies":[{"name":"wp","href":"https:\/\/api.w.org\/{rel}","templated":true}]}}